{"id":41,"date":"2025-12-30T15:27:27","date_gmt":"2025-12-30T15:27:27","guid":{"rendered":"http:\/\/heramobilite.com\/?page_id=41"},"modified":"2025-12-31T09:21:18","modified_gmt":"2025-12-31T09:21:18","slug":"anasayfa","status":"publish","type":"page","link":"http:\/\/heramobilite.com\/","title":{"rendered":"Anasayfa"},"content":{"rendered":"\t\t<div data-elementor-type=\"wp-page\" data-elementor-id=\"41\" class=\"elementor elementor-41\">\n\t\t\t\t<div class=\"elementor-element elementor-element-28308b04 e-flex e-con-boxed e-con e-parent\" data-id=\"28308b04\" data-element_type=\"container\" data-e-type=\"container\" data-settings=\"{&quot;background_background&quot;:&quot;classic&quot;}\">\n\t\t\t\t\t<div class=\"e-con-inner\">\n\t\t<div class=\"elementor-element elementor-element-615faf4 e-con-full e-flex e-con e-child\" data-id=\"615faf4\" data-element_type=\"container\" data-e-type=\"container\">\n\t\t<div class=\"elementor-element elementor-element-5cdb6ed5 e-con-full e-flex e-con e-child\" data-id=\"5cdb6ed5\" data-element_type=\"container\" data-e-type=\"container\">\n\t\t\t\t<div class=\"elementor-element elementor-element-4f8d4766 elementor-widget elementor-widget-image\" data-id=\"4f8d4766\" data-element_type=\"widget\" data-e-type=\"widget\" data-widget_type=\"image.default\">\n\t\t\t\t\t\t\t\t\t\t\t\t\t\t\t<img decoding=\"async\" width=\"300\" height=\"101\" src=\"http:\/\/heramobilite.com\/wp-content\/uploads\/2025\/12\/logo-300x101.webp\" class=\"attachment-medium size-medium wp-image-14\" alt=\"\" srcset=\"http:\/\/heramobilite.com\/wp-content\/uploads\/2025\/12\/logo-300x101.webp 300w, http:\/\/heramobilite.com\/wp-content\/uploads\/2025\/12\/logo-768x259.webp 768w, http:\/\/heramobilite.com\/wp-content\/uploads\/2025\/12\/logo.webp 950w\" sizes=\"(max-width: 300px) 100vw, 300px\" \/>\t\t\t\t\t\t\t\t\t\t\t\t\t\t\t<\/div>\n\t\t\t\t<\/div>\n\t\t\t\t<div class=\"elementor-element elementor-element-8f89301 elementor-widget elementor-widget-heading\" data-id=\"8f89301\" data-element_type=\"widget\" data-e-type=\"widget\" data-widget_type=\"heading.default\">\n\t\t\t\t\t<h1 class=\"elementor-heading-title elementor-size-default\">HERA MOB\u0130L\u0130TE<\/h1>\t\t\t\t<\/div>\n\t\t\t\t<div class=\"elementor-element elementor-element-4bed85c7 elementor-widget elementor-widget-heading\" data-id=\"4bed85c7\" data-element_type=\"widget\" data-e-type=\"widget\" data-widget_type=\"heading.default\">\n\t\t\t\t\t<h2 class=\"elementor-heading-title elementor-size-default\">Yak\u0131nda Buraday\u0131z<\/h2>\t\t\t\t<\/div>\n\t\t<div class=\"elementor-element elementor-element-497a1087 e-con-full e-flex e-con e-child\" data-id=\"497a1087\" data-element_type=\"container\" data-e-type=\"container\">\n\t\t\t\t<div class=\"elementor-element elementor-element-6b8de8a5 elementor-widget elementor-widget-image\" data-id=\"6b8de8a5\" data-element_type=\"widget\" data-e-type=\"widget\" data-widget_type=\"image.default\">\n\t\t\t\t\t\t\t\t\t\t\t\t\t\t\t<img fetchpriority=\"high\" decoding=\"async\" width=\"851\" height=\"610\" src=\"http:\/\/heramobilite.com\/wp-content\/uploads\/2025\/12\/herled-image-hg.png\" class=\"attachment-full size-full wp-image-10\" alt=\"\" srcset=\"http:\/\/heramobilite.com\/wp-content\/uploads\/2025\/12\/herled-image-hg.png 851w, http:\/\/heramobilite.com\/wp-content\/uploads\/2025\/12\/herled-image-hg-300x215.png 300w, http:\/\/heramobilite.com\/wp-content\/uploads\/2025\/12\/herled-image-hg-768x551.png 768w\" sizes=\"(max-width: 851px) 100vw, 851px\" \/>\t\t\t\t\t\t\t\t\t\t\t\t\t\t\t<\/div>\n\t\t\t\t<div class=\"elementor-element elementor-element-6a7f16ed elementor-widget elementor-widget-image\" data-id=\"6a7f16ed\" data-element_type=\"widget\" data-e-type=\"widget\" data-widget_type=\"image.default\">\n\t\t\t\t\t\t\t\t\t\t\t\t\t\t\t<img decoding=\"async\" width=\"851\" height=\"610\" src=\"http:\/\/heramobilite.com\/wp-content\/uploads\/2025\/12\/heracharge-image-Hg.png\" class=\"attachment-large size-large wp-image-11\" alt=\"\" srcset=\"http:\/\/heramobilite.com\/wp-content\/uploads\/2025\/12\/heracharge-image-Hg.png 851w, http:\/\/heramobilite.com\/wp-content\/uploads\/2025\/12\/heracharge-image-Hg-300x215.png 300w, http:\/\/heramobilite.com\/wp-content\/uploads\/2025\/12\/heracharge-image-Hg-768x551.png 768w\" sizes=\"(max-width: 851px) 100vw, 851px\" \/>\t\t\t\t\t\t\t\t\t\t\t\t\t\t\t<\/div>\n\t\t\t\t<\/div>\n\t\t<div class=\"elementor-element elementor-element-6fd3fdc e-con-full e-grid e-con e-child\" data-id=\"6fd3fdc\" data-element_type=\"container\" data-e-type=\"container\">\n\t\t\t\t<div class=\"elementor-element elementor-element-6b8396d4 elementor-align-center elementor-widget elementor-widget-button\" data-id=\"6b8396d4\" data-element_type=\"widget\" data-e-type=\"widget\" data-widget_type=\"button.default\">\n\t\t\t\t\t\t\t\t\t\t<a class=\"elementor-button elementor-button-link elementor-size-sm\" href=\"https:\/\/heraled.com\">\n\t\t\t\t\t\t<span class=\"elementor-button-content-wrapper\">\n\t\t\t\t\t\t\t\t\t<span class=\"elementor-button-text\">heraled.com<\/span>\n\t\t\t\t\t<\/span>\n\t\t\t\t\t<\/a>\n\t\t\t\t\t\t\t\t<\/div>\n\t\t\t\t<div class=\"elementor-element elementor-element-7c2bf38a elementor-align-center elementor-widget elementor-widget-button\" data-id=\"7c2bf38a\" data-element_type=\"widget\" data-e-type=\"widget\" data-widget_type=\"button.default\">\n\t\t\t\t\t\t\t\t\t\t<a class=\"elementor-button elementor-button-link elementor-size-sm\" href=\"https:\/\/heracharge.com\">\n\t\t\t\t\t\t<span class=\"elementor-button-content-wrapper\">\n\t\t\t\t\t\t\t\t\t<span class=\"elementor-button-text\">heracharge.com<\/span>\n\t\t\t\t\t<\/span>\n\t\t\t\t\t<\/a>\n\t\t\t\t\t\t\t\t<\/div>\n\t\t\t\t<\/div>\n\t\t\t\t<\/div>\n\t\t\t\t\t<\/div>\n\t\t\t\t<\/div>\n\t\t\t\t<\/div>\n\t\t","protected":false},"excerpt":{"rendered":"<p>HERA MOB\u0130L\u0130TE Yak\u0131nda Buraday\u0131z heraled.com heracharge.com<\/p>\n","protected":false},"author":1,"featured_media":0,"parent":0,"menu_order":0,"comment_status":"closed","ping_status":"closed","template":"","meta":{"site-sidebar-layout":"no-sidebar","site-content-layout":"","ast-site-content-layout":"full-width-container","site-content-style":"default","site-sidebar-style":"default","ast-global-header-display":"disabled","ast-banner-title-visibility":"disabled","ast-main-header-display":"","ast-hfb-above-header-display":"","ast-hfb-below-header-display":"","ast-hfb-mobile-header-display":"","site-post-title":"","ast-breadcrumbs-content":"","ast-featured-img":"","footer-sml-layout":"disabled","ast-disable-related-posts":"","theme-transparent-header-meta":"","adv-header-id-meta":"","stick-header-meta":"","header-above-stick-meta":"","header-main-stick-meta":"","header-below-stick-meta":"","astra-migrate-meta-layouts":"default","ast-page-background-enabled":"default","ast-page-background-meta":{"desktop":{"background-color":"var(--ast-global-color-5)","background-image":"","background-repeat":"repeat","background-position":"center center","background-size":"auto","background-attachment":"scroll","background-type":"","background-media":"","overlay-type":"","overlay-color":"","overlay-opacity":"","overlay-gradient":""},"tablet":{"background-color":"","background-image":"","background-repeat":"repeat","background-position":"center center","background-size":"auto","background-attachment":"scroll","background-type":"","background-media":"","overlay-type":"","overlay-color":"","overlay-opacity":"","overlay-gradient":""},"mobile":{"background-color":"","background-image":"","background-repeat":"repeat","background-position":"center center","background-size":"auto","background-attachment":"scroll","background-type":"","background-media":"","overlay-type":"","overlay-color":"","overlay-opacity":"","overlay-gradient":""}},"ast-content-background-meta":{"desktop":{"background-color":"var(--ast-global-color-4)","background-image":"","background-repeat":"repeat","background-position":"center center","background-size":"auto","background-attachment":"scroll","background-type":"","background-media":"","overlay-type":"","overlay-color":"","overlay-opacity":"","overlay-gradient":""},"tablet":{"background-color":"var(--ast-global-color-4)","background-image":"","background-repeat":"repeat","background-position":"center center","background-size":"auto","background-attachment":"scroll","background-type":"","background-media":"","overlay-type":"","overlay-color":"","overlay-opacity":"","overlay-gradient":""},"mobile":{"background-color":"var(--ast-global-color-4)","background-image":"","background-repeat":"repeat","background-position":"center center","background-size":"auto","background-attachment":"scroll","background-type":"","background-media":"","overlay-type":"","overlay-color":"","overlay-opacity":"","overlay-gradient":""}},"footnotes":""},"class_list":["post-41","page","type-page","status-publish","hentry"],"_links":{"self":[{"href":"http:\/\/heramobilite.com\/index.php\/wp-json\/wp\/v2\/pages\/41","targetHints":{"allow":["GET"]}}],"collection":[{"href":"http:\/\/heramobilite.com\/index.php\/wp-json\/wp\/v2\/pages"}],"about":[{"href":"http:\/\/heramobilite.com\/index.php\/wp-json\/wp\/v2\/types\/page"}],"author":[{"embeddable":true,"href":"http:\/\/heramobilite.com\/index.php\/wp-json\/wp\/v2\/users\/1"}],"replies":[{"embeddable":true,"href":"http:\/\/heramobilite.com\/index.php\/wp-json\/wp\/v2\/comments?post=41"}],"version-history":[{"count":9,"href":"http:\/\/heramobilite.com\/index.php\/wp-json\/wp\/v2\/pages\/41\/revisions"}],"predecessor-version":[{"id":51,"href":"http:\/\/heramobilite.com\/index.php\/wp-json\/wp\/v2\/pages\/41\/revisions\/51"}],"wp:attachment":[{"href":"http:\/\/heramobilite.com\/index.php\/wp-json\/wp\/v2\/media?parent=41"}],"curies":[{"name":"wp","href":"https:\/\/api.w.org\/{rel}","templated":true}]}}